{"id":3621,"date":"2015-03-28T15:53:57","date_gmt":"2015-03-28T15:53:57","guid":{"rendered":"http:\/\/themes.goodlayers2.com\/hotelmaster\/?page_id=3621"},"modified":"2024-10-30T11:53:38","modified_gmt":"2024-10-30T16:53:38","slug":"habitaciones","status":"publish","type":"page","link":"http:\/\/losqueroshostal.com\/es\/habitaciones\/","title":{"rendered":"Habitaciones"},"content":{"rendered":"\n<hr class=\"wp-block-separator has-alpha-channel-opacity is-style-default\"\/>\n\n\n\n<p class=\"has-text-align-center\">Todas nuestras habitaciones son ventiladas e iluminadas naturalmente, cuentan con ba\u00f1o privado con agua fr\u00eda y caliente las 24 horas, productos de aseo personal, tablero de trabajo, tel\u00e9fono, TV pantalla plana, ventilador, canales por cable, acceso a wi-fi y closet. Las tarifas incluyen el servicio de limpieza, cambio diario de toallas, servicio de despertador, desayuno continental e impuestos.<\/p>\n\n\n\n<hr class=\"wp-block-separator has-alpha-channel-opacity\"\/>\n\n\n\n<div class=\"wp-block-media-text has-media-on-the-right is-stacked-on-mobile is-vertically-aligned-center\" style=\"grid-template-columns:auto 59%\"><div class=\"wp-block-media-text__content\">\n<hr class=\"wp-block-separator has-alpha-channel-opacity\"\/>\n\n\n\n<p><strong>HABITACI\u00d3N SIMPLE<\/strong><\/p>\n\n\n\n<p>La habitaci\u00f3n cuenta con una cama simple muy bien equipada.<\/p>\n\n\n\n<h5 class=\"wp-block-heading\"><strong>Tarifa: <s>150s\/<\/s> 120s\/<\/strong><\/h5>\n\n\n\n<div class=\"wp-block-buttons is-layout-flex wp-block-buttons-is-layout-flex\">\n<div class=\"wp-block-button\"><a class=\"wp-block-button__link wp-element-button\" href=\"https:\/\/bit.ly\/reservas_losqeros\">Reserva este cuarto<\/a><\/div>\n<\/div>\n<\/div><figure class=\"wp-block-media-text__media\"><img loading=\"lazy\" decoding=\"async\" width=\"1024\" height=\"682\" src=\"http:\/\/losqueroshostal.com\/es\/wp-content\/uploads\/2015\/03\/standar-room-1024x682.jpg\" alt=\"\" class=\"wp-image-3971 size-full\" srcset=\"http:\/\/losqueroshostal.com\/es\/wp-content\/uploads\/2015\/03\/standar-room-1024x682.jpg 1024w, http:\/\/losqueroshostal.com\/es\/wp-content\/uploads\/2015\/03\/standar-room-300x200.jpg 300w, http:\/\/losqueroshostal.com\/es\/wp-content\/uploads\/2015\/03\/standar-room.jpg 1220w\" sizes=\"(max-width: 1024px) 100vw, 1024px\" \/><\/figure><\/div>\n\n\n\n<hr class=\"wp-block-separator has-alpha-channel-opacity\"\/>\n\n\n\n<div class=\"wp-block-media-text is-stacked-on-mobile is-vertically-aligned-top\" style=\"grid-template-columns:59% auto\"><figure class=\"wp-block-media-text__media\"><img loading=\"lazy\" decoding=\"async\" width=\"1024\" height=\"682\" src=\"http:\/\/losqueroshostal.com\/es\/wp-content\/uploads\/2015\/03\/suite-room-1024x682.jpg\" alt=\"\" class=\"wp-image-4056 size-full\" srcset=\"http:\/\/losqueroshostal.com\/es\/wp-content\/uploads\/2015\/03\/suite-room-1024x682.jpg 1024w, http:\/\/losqueroshostal.com\/es\/wp-content\/uploads\/2015\/03\/suite-room-300x200.jpg 300w, http:\/\/losqueroshostal.com\/es\/wp-content\/uploads\/2015\/03\/suite-room.jpg 1220w\" sizes=\"(max-width: 1024px) 100vw, 1024px\" \/><\/figure><div class=\"wp-block-media-text__content\">\n<hr class=\"wp-block-separator has-alpha-channel-opacity\"\/>\n\n\n\n<p><strong>HABITACI\u00d3N MATRIMONIAL<\/strong><\/p>\n\n\n\n<p>La habitaci\u00f3n cuenta con una cama de dos plazas muy bien equipada.<\/p>\n\n\n\n<h5 class=\"wp-block-heading\"><strong>Tarifa: <s>200s\/<\/s> 160s\/<\/strong><\/h5>\n\n\n\n<div class=\"wp-block-buttons is-layout-flex wp-block-buttons-is-layout-flex\">\n<div class=\"wp-block-button\"><a class=\"wp-block-button__link wp-element-button\" href=\"https:\/\/bit.ly\/reservas_losqeros\">Reserva este cuarto<\/a><\/div>\n<\/div>\n<\/div><\/div>\n\n\n\n<hr class=\"wp-block-separator has-alpha-channel-opacity\"\/>\n\n\n\n<div class=\"wp-block-media-text has-media-on-the-right is-stacked-on-mobile is-vertically-aligned-top\" style=\"grid-template-columns:auto 59%\"><div class=\"wp-block-media-text__content\">\n<hr class=\"wp-block-separator has-alpha-channel-opacity\"\/>\n\n\n\n<p><strong>HABITACI\u00d3N DOBLE<\/strong><\/p>\n\n\n\n<p>La habitaci\u00f3n cuenta con dos camas  muy bien equipadas, mesa de lectura y una vista espectacular.<\/p>\n\n\n\n<h5 class=\"wp-block-heading\"><strong>Tarifa: <s>200s\/<\/s> 160s\/<\/strong><\/h5>\n\n\n\n<div class=\"wp-block-buttons is-layout-flex wp-block-buttons-is-layout-flex\">\n<div class=\"wp-block-button\"><a class=\"wp-block-button__link wp-element-button\" href=\"https:\/\/bit.ly\/reservas_losqeros\">Reserva este cuarto<\/a><\/div>\n<\/div>\n<\/div><figure class=\"wp-block-media-text__media\"><img loading=\"lazy\" decoding=\"async\" width=\"1024\" height=\"682\" src=\"http:\/\/losqueroshostal.com\/es\/wp-content\/uploads\/2015\/03\/doble-room2-1024x682.jpg\" alt=\"\" class=\"wp-image-4034 size-full\" srcset=\"http:\/\/losqueroshostal.com\/es\/wp-content\/uploads\/2015\/03\/doble-room2-1024x682.jpg 1024w, http:\/\/losqueroshostal.com\/es\/wp-content\/uploads\/2015\/03\/doble-room2-300x200.jpg 300w, http:\/\/losqueroshostal.com\/es\/wp-content\/uploads\/2015\/03\/doble-room2.jpg 1220w\" sizes=\"(max-width: 1024px) 100vw, 1024px\" \/><\/figure><\/div>\n\n\n\n<hr class=\"wp-block-separator has-alpha-channel-opacity\"\/>\n\n\n\n<div class=\"wp-block-media-text is-stacked-on-mobile is-vertically-aligned-top\" style=\"grid-template-columns:59% auto\"><figure class=\"wp-block-media-text__media\"><img loading=\"lazy\" decoding=\"async\" width=\"1024\" height=\"682\" src=\"http:\/\/losqueroshostal.com\/es\/wp-content\/uploads\/2015\/03\/triple-room-1024x682.jpg\" alt=\"\" class=\"wp-image-4039 size-full\" srcset=\"http:\/\/losqueroshostal.com\/es\/wp-content\/uploads\/2015\/03\/triple-room-1024x682.jpg 1024w, http:\/\/losqueroshostal.com\/es\/wp-content\/uploads\/2015\/03\/triple-room-300x200.jpg 300w, http:\/\/losqueroshostal.com\/es\/wp-content\/uploads\/2015\/03\/triple-room.jpg 1220w\" sizes=\"(max-width: 1024px) 100vw, 1024px\" \/><\/figure><div class=\"wp-block-media-text__content\">\n<hr class=\"wp-block-separator has-alpha-channel-opacity\"\/>\n\n\n\n<p><strong>HABITACI\u00d3N TRIPLE<\/strong><\/p>\n\n\n\n<p>La habitaci\u00f3n cuenta con tres camas  muy bien equipadas, mesa de lectura y una vista espectacular.<\/p>\n\n\n\n<h5 class=\"wp-block-heading\"><strong>Tarifa: <s>250<\/s>s<s>\/<\/s> 200s\/<\/strong><\/h5>\n\n\n\n<div class=\"wp-block-buttons is-layout-flex wp-block-buttons-is-layout-flex\">\n<div class=\"wp-block-button\"><a class=\"wp-block-button__link wp-element-button\" href=\"https:\/\/bit.ly\/reservas_losqeros\">Reserva este cuarto<\/a><\/div>\n<\/div>\n<\/div><\/div>\n\n\n\n<hr class=\"wp-block-separator has-alpha-channel-opacity\"\/>\n\n\n\n<p><strong>HABITACI\u00d3N CUADRUPLE<\/strong>: Ideal para una familia numerosa y con una tarifa expectacular de<\/p>\n\n\n\n<p> <s>300 s\/ <\/s> 240 s\/  <a href=\"https:\/\/bit.ly\/reservas_losqeros\" data-type=\"link\" data-id=\"https:\/\/bit.ly\/reservas_losqeros\">RESERVE SU CUARTO<\/a><\/p>\n\n\n\n<hr class=\"wp-block-separator has-alpha-channel-opacity\"\/>\n\n\n\n<p><\/p>\n","protected":false},"excerpt":{"rendered":"<p>Todas nuestras habitaciones son ventiladas e iluminadas naturalmente, cuentan con ba\u00f1o privado con agua fr\u00eda y caliente las 24 horas, productos de aseo personal, tablero de trabajo, tel\u00e9fono, TV pantalla plana, ventilador, canales por cable, acceso a wi-fi y closet. Las tarifas incluyen el servicio de limpieza, cambio diario de toallas, servicio de despertador, desayuno&#8230; <\/p>\n<div class=\"clear\"><\/div>\n<p><a href=\"http:\/\/losqueroshostal.com\/es\/habitaciones\/\" class=\"excerpt-read-more\">Continue Reading<i class=\"fa fa-long-arrow-right icon-long-arrow-right\"><\/i><\/a><\/p>\n","protected":false},"author":1,"featured_media":0,"parent":0,"menu_order":0,"comment_status":"closed","ping_status":"open","template":"","meta":{"footnotes":""},"class_list":["post-3621","page","type-page","status-publish","hentry"],"_links":{"self":[{"href":"http:\/\/losqueroshostal.com\/es\/wp-json\/wp\/v2\/pages\/3621"}],"collection":[{"href":"http:\/\/losqueroshostal.com\/es\/wp-json\/wp\/v2\/pages"}],"about":[{"href":"http:\/\/losqueroshostal.com\/es\/wp-json\/wp\/v2\/types\/page"}],"author":[{"embeddable":true,"href":"http:\/\/losqueroshostal.com\/es\/wp-json\/wp\/v2\/users\/1"}],"replies":[{"embeddable":true,"href":"http:\/\/losqueroshostal.com\/es\/wp-json\/wp\/v2\/comments?post=3621"}],"version-history":[{"count":114,"href":"http:\/\/losqueroshostal.com\/es\/wp-json\/wp\/v2\/pages\/3621\/revisions"}],"predecessor-version":[{"id":4359,"href":"http:\/\/losqueroshostal.com\/es\/wp-json\/wp\/v2\/pages\/3621\/revisions\/4359"}],"wp:attachment":[{"href":"http:\/\/losqueroshostal.com\/es\/wp-json\/wp\/v2\/media?parent=3621"}],"curies":[{"name":"wp","href":"https:\/\/api.w.org\/{rel}","templated":true}]}}